{"id":6,"date":"2020-03-30T14:08:21","date_gmt":"2020-03-30T14:08:21","guid":{"rendered":"https:\/\/restaurore.com\/?page_id=6"},"modified":"2020-09-30T12:50:09","modified_gmt":"2020-09-30T12:50:09","slug":"elementor-6","status":"publish","type":"page","link":"https:\/\/laterrassedumusee.com\/","title":{"rendered":"Bonjour"},"content":{"rendered":"\t\t<div data-elementor-type=\"wp-post\" data-elementor-id=\"6\" class=\"elementor elementor-6\">\n\t\t\t\t\t\t<div class=\"elementor-inner\">\n\t\t\t\t<div class=\"elementor-section-wrap\">\n\t\t\t\t\t\t\t\t\t<section class=\"elementor-section elementor-top-section elementor-element elementor-element-84dd9e3 elementor-section-boxed elementor-section-height-default elementor-section-height-default\" data-id=\"84dd9e3\" data-element_type=\"section\">\n\t\t\t\t\t\t<div class=\"elementor-container elementor-column-gap-default\">\n\t\t\t\t\t\t\t<div class=\"elementor-row\">\n\t\t\t\t\t<div class=\"elementor-column elementor-col-100 elementor-top-column elementor-element elementor-element-ac55d98\" data-id=\"ac55d98\" data-element_type=\"column\">\n\t\t\t<div class=\"elementor-column-wrap elementor-element-populated\">\n\t\t\t\t\t\t\t<div class=\"elementor-widget-wrap\">\n\t\t\t\t\t\t<section class=\"elementor-section elementor-inner-section elementor-element elementor-element-ebe381c elementor-section-boxed elementor-section-height-default elementor-section-height-default\" data-id=\"ebe381c\" data-element_type=\"section\">\n\t\t\t\t\t\t<div class=\"elementor-container elementor-column-gap-default\">\n\t\t\t\t\t\t\t<div class=\"elementor-row\">\n\t\t\t\t\t<div class=\"elementor-column elementor-col-50 elementor-inner-column elementor-element elementor-element-01148d9\" data-id=\"01148d9\" data-element_type=\"column\">\n\t\t\t<div class=\"elementor-column-wrap elementor-element-populated\">\n\t\t\t\t\t\t\t<div class=\"elementor-widget-wrap\">\n\t\t\t\t\t\t<div class=\"elementor-element elementor-element-6980927 elementor-widget elementor-widget-text-editor\" data-id=\"6980927\" data-element_type=\"widget\" data-widget_type=\"text-editor.default\">\n\t\t\t\t<div class=\"elementor-widget-container\">\n\t\t\t\t\t\t\t\t<div class=\"elementor-text-editor elementor-clearfix\">\n\t\t\t\t<p>Pr\u00e9sentation<\/p><p>Nos deux restaurants sont localis\u00e9s \u00e0 Monaco-Ville, dans le coeur de la vieille ville.<\/p><p>Le restaurant &#8220;L&#8217;Aurore&#8221;, situ\u00e9 entre la Place de la Visitation et la Place de la Mairie, se trouve \u00e0 quelques minutes \u00e0 peine du Palais Princier et du Parking des P\u00eacheurs (stationnement pour bus\/cars disponible). Avec ses trois salles, il est sp\u00e9cialis\u00e9 dans l&#8217;accueil des groupes touristiques et d&#8217;individuels, pouvant servir jusqu&#8217;\u00e0 230 personnes par service. Ouvert de fin Janvier \u00e0 fin Novembre.<\/p><p>Le restaurant &#8220;La Terrasse&#8221; est l&#8217;endroit parfait pour une pause d\u00e9jeuner, ou bien un go\u00fbter, lors de votre visite au Mus\u00e9e Oc\u00e9anographique. Situ\u00e9 au deuxi\u00e8me \u00e9tage, sur le toit panoramique qui offre une vue imprenable sur la mer, vous aurez la possibilit\u00e9 de profiter d&#8217;un moment de tranquillit\u00e9 au soleil, ou bien dans notre Lounge Bar, pr\u00e8s des jeux pour enfants. Nous disposons de deux salles en int\u00e9rieur \u00e9galement, afin de vous accueillir m\u00eame en cas de mauvais temps, et sommes ouverts tous les jours de la semaine (fermeture annuelle d\u00e9but Janvier).<\/p><p>La cuisine italienne est \u00e0 l&#8217;ordre du jour, avec nos p\u00e2tes et desserts faits maison, mais nous proposons \u00e9galement des sp\u00e9cialit\u00e9s Mon\u00e9gasques afin de rendre votre visite de Monaco encore plus caract\u00e9ristique.<\/p><p>\u00a0<\/p>\t\t\t\t\t<\/div>\n\t\t\t\t\t\t<\/div>\n\t\t\t\t<\/div>\n\t\t\t\t\t\t<\/div>\n\t\t\t\t\t<\/div>\n\t\t<\/div>\n\t\t\t\t<div class=\"elementor-column elementor-col-50 elementor-inner-column elementor-element elementor-element-f7153a2\" data-id=\"f7153a2\" data-element_type=\"column\">\n\t\t\t<div class=\"elementor-column-wrap elementor-element-populated\">\n\t\t\t\t\t\t\t<div class=\"elementor-widget-wrap\">\n\t\t\t\t\t\t<div class=\"elementor-element elementor-element-5ac026e elementor-widget elementor-widget-text-editor\" data-id=\"5ac026e\" data-element_type=\"widget\" data-widget_type=\"text-editor.default\">\n\t\t\t\t<div class=\"elementor-widget-container\">\n\t\t\t\t\t\t\t\t<div class=\"elementor-text-editor elementor-clearfix\">\n\t\t\t\t<p>Presentazione<\/p><p>I nostri due ristoranti sono situati a Monaco-Ville, nel cuore del centro storico.<\/p><p>Il ristorante &#8220;L&#8217;Aurore&#8221;, situato tra la Piazza della Visitation e la Piazza del Comune, si trova a qualche minuto a pied dal Palazzo del Principe e dal Parcheggio dei &#8220;P\u00eacheurs&#8221; (posti autobus disponibili). Con le sue tre sale da pranzo, \u00e8 specializzato nell&#8217;accoglienza di gruppi turistici e individuali, e pu\u00f2 servire fino a 230 persone ad ogni servizio. Aperto da fine Gennaio a fine Novembre.<\/p><p>Il ristorante &#8220;La Terrasse&#8221; \u00e8 il posto prefetto per una pausa pranzo o una merenda, \u00a0durante la vostra visita al Museo Oceanografico. Situato al secondo piano, sul tetto panoramico che offre una vista spettacolare sul mare, avrete la possibilit\u00e0 di approfittare di un momento di tranquillit\u00e0 al sole, o nel nostro Lounge Bar, vicino ai giochi per bambini. Disponiamo di due sale all&#8217;interno, per poter accogliervi anche in caso di brutto tempo, e siamo aperti tutti i giorni della settimana (chiusura annuale inizio Gennaio).<\/p><p>La cucina Italiana \u00e8 all&#8217;ordine del giorno, con le notre paste e dolci fatti in Casa, ma vi proponiamo anche delle sp\u00e9cialit\u00e0 Monegasche, per rendere la vostra visita a Monaco ancora pi\u00f9 caratteristica.<\/p>\t\t\t\t\t<\/div>\n\t\t\t\t\t\t<\/div>\n\t\t\t\t<\/div>\n\t\t\t\t\t\t<\/div>\n\t\t\t\t\t<\/div>\n\t\t<\/div>\n\t\t\t\t\t\t\t\t<\/div>\n\t\t\t\t\t<\/div>\n\t\t<\/section>\n\t\t\t\t\t\t<\/div>\n\t\t\t\t\t<\/div>\n\t\t<\/div>\n\t\t\t\t\t\t\t\t<\/div>\n\t\t\t\t\t<\/div>\n\t\t<\/section>\n\t\t\t\t<section class=\"elementor-section elementor-top-section elementor-element elementor-element-1deeb0a elementor-section-boxed elementor-section-height-default elementor-section-height-default\" data-id=\"1deeb0a\" data-element_type=\"section\">\n\t\t\t\t\t\t<div class=\"elementor-container elementor-column-gap-default\">\n\t\t\t\t\t\t\t<div class=\"elementor-row\">\n\t\t\t\t\t<div class=\"elementor-column elementor-col-50 elementor-top-column elementor-element elementor-element-a031fb6\" data-id=\"a031fb6\" data-element_type=\"column\">\n\t\t\t<div class=\"elementor-column-wrap elementor-element-populated\">\n\t\t\t\t\t\t\t<div class=\"elementor-widget-wrap\">\n\t\t\t\t\t\t<div class=\"elementor-element elementor-element-6c99306 elementor-widget elementor-widget-text-editor\" data-id=\"6c99306\" data-element_type=\"widget\" data-widget_type=\"text-editor.default\">\n\t\t\t\t<div class=\"elementor-widget-container\">\n\t\t\t\t\t\t\t\t<div class=\"elementor-text-editor elementor-clearfix\">\n\t\t\t\t<p>Presentation<\/p><p>Our two restaurants are located in Monaco-Ville, in the heart of the old town.<\/p><p>Restaurant &#8220;L&#8217;Aurore&#8221;, situated between &#8220;Visitation&#8221; Square and the &#8220;Mairie&#8221; (City Hall) Square, is only a few steps away from the Prince&#8217;s Palace and the &#8220;P\u00eacheurs&#8221; Parking (which has also bus parking spots). With three dining rooms, we are specialized in welcoming large touristic groups but also individuals, we can serve up to 230 people per service. It is open from the end of January to the end of November.<\/p><p>Restaurant &#8220;La Terrasse&#8221; is the perfect place for a lunch break, or for a snack, during your visit at the Oceanographic Museum. Located on the second floor, on the rooftop terrace which overlooks the sea, you will have the possibility to enjoy a moment in the sun, or in the Lounge Bar, next to the children&#8217;s games. We also have two indoor dining rooms, in order to welcome you also in case of bad weather conditions, and we are open every day of the week (annual closure at the beginning of January).<\/p><p>Enjoy our Italian cuisine, with our homemade pasta and desserts, and also Mon\u00e9gasque specialties, to make your visit of Monaco even more characteristic.<\/p>\t\t\t\t\t<\/div>\n\t\t\t\t\t\t<\/div>\n\t\t\t\t<\/div>\n\t\t\t\t\t\t<\/div>\n\t\t\t\t\t<\/div>\n\t\t<\/div>\n\t\t\t\t<div class=\"elementor-column elementor-col-50 elementor-top-column elementor-element elementor-element-d5e6279\" data-id=\"d5e6279\" data-element_type=\"column\">\n\t\t\t<div class=\"elementor-column-wrap elementor-element-populated\">\n\t\t\t\t\t\t\t<div class=\"elementor-widget-wrap\">\n\t\t\t\t\t\t<div class=\"elementor-element elementor-element-518d35a elementor-widget elementor-widget-text-editor\" data-id=\"518d35a\" data-element_type=\"widget\" data-widget_type=\"text-editor.default\">\n\t\t\t\t<div class=\"elementor-widget-container\">\n\t\t\t\t\t\t\t\t<div class=\"elementor-text-editor elementor-clearfix\">\n\t\t\t\t<p class=\"x_Stile1\" align=\"justify\"><span class=\"\">Darstellung<\/span><\/p><p class=\"x_Stile1\" align=\"justify\"><span class=\"\">Planen Sie eine Busreise an die Cote d&#8217;Azur oder speziell in das Fuerstentum Monaco? Hier koennen wir Ihre Reisegruppen fuer Mittagspause oder Abendessen empfangen. Seit Jahrzehnten ist unser Restaurant auf die Bewirtung Ihrer Gaeste spezialisiert und wurde so immer wieder von den entsprechenden Verbaenden der Kategorie fuer seine Arbeit praemiert.<\/span><\/p><p class=\"x_Stile1\" align=\"justify\"><span class=\"\">Unsere Lokale koennen 230 Personen, &#8220;Restaurant Aurore&#8221;, und 120 Personen, &#8220;Restaurant Terrasse&#8221;, empfagen. Unsere Restaurant befinden sich im Herzen der Altstadt von Monaco, auf dem &#8220;Rocher&#8221;, dem Schlossfelsen, im turistischen Kern des Fuerstentums, in unmittelbarer Naehe des Fuestenpalastes, der Katedrale und des Aquariums und ozeanografischen Museums. Ein Parkhaus(des Pecheurs), nur 150m entfernt steht unseren Gaesten zur Verfuegung. Es bietet 600 Pkw&#8217;s und 65 Reisebussen zu verguenstigten Tarifen Parkgelegenheit. Ausserdem befinden wir uns nur 10 Minuten von Bahnhof Monaco und ca. 30 Minuten Per Bus vom Flughafen Nizza entfernt .<\/span><\/p>\t\t\t\t\t<\/div>\n\t\t\t\t\t\t<\/div>\n\t\t\t\t<\/div>\n\t\t\t\t\t\t<\/div>\n\t\t\t\t\t<\/div>\n\t\t<\/div>\n\t\t\t\t\t\t\t\t<\/div>\n\t\t\t\t\t<\/div>\n\t\t<\/section>\n\t\t\t\t<section class=\"elementor-section elementor-top-section elementor-element elementor-element-78a591f elementor-section-boxed elementor-section-height-default elementor-section-height-default\" data-id=\"78a591f\" data-element_type=\"section\">\n\t\t\t\t\t\t<div class=\"elementor-container elementor-column-gap-default\">\n\t\t\t\t\t\t\t<div class=\"elementor-row\">\n\t\t\t\t\t<div class=\"elementor-column elementor-col-100 elementor-top-column elementor-element elementor-element-1c6c3a1\" data-id=\"1c6c3a1\" data-element_type=\"column\">\n\t\t\t<div class=\"elementor-column-wrap elementor-element-populated\">\n\t\t\t\t\t\t\t<div class=\"elementor-widget-wrap\">\n\t\t\t\t\t\t<div class=\"elementor-element elementor-element-9920b71 elementor-widget elementor-widget-google_maps\" data-id=\"9920b71\" data-element_type=\"widget\" data-widget_type=\"google_maps.default\">\n\t\t\t\t<div class=\"elementor-widget-container\">\n\t\t\t\t\t<div class=\"elementor-custom-embed\">\n\t\t\t<iframe frameborder=\"0\" scrolling=\"no\" marginheight=\"0\" marginwidth=\"0\"\n\t\t\t\t\tsrc=\"https:\/\/maps.google.com\/maps?q=Restaurant%20La%20Terrasse%20Musee%2C%20Monaco&#038;t=m&#038;z=15&#038;output=embed&#038;iwloc=near\"\n\t\t\t\t\ttitle=\"Restaurant La Terrasse Musee, Monaco\"\n\t\t\t\t\taria-label=\"Restaurant La Terrasse Musee, Monaco\"\n\t\t\t><\/iframe>\n\t\t<\/div>\n\t\t\t\t<\/div>\n\t\t\t\t<\/div>\n\t\t\t\t\t\t<\/div>\n\t\t\t\t\t<\/div>\n\t\t<\/div>\n\t\t\t\t\t\t\t\t<\/div>\n\t\t\t\t\t<\/div>\n\t\t<\/section>\n\t\t\t\t\t\t\t\t\t<\/div>\n\t\t\t<\/div>\n\t\t\t\t\t<\/div>\n\t\t","protected":false},"excerpt":{"rendered":"<p>Pr\u00e9sentation Nos deux restaurants sont localis\u00e9s \u00e0 Monaco-Ville, dans le coeur de la vieille ville. Le restaurant &#8220;L&#8217;Aurore&#8221;, situ\u00e9 entre la Place de la Visitation et la Place de la Mairie, se trouve \u00e0 quelques minutes \u00e0 peine du Palais&#8230; <\/p>\n<div class=\"readmore-section\"><a href=\"https:\/\/laterrassedumusee.com\/\"><input type=\"submit\" name=\"submit\" value=\"Continue reading&#8230;\" class=\"readmore-btn\" ><\/a><\/div>\n","protected":false},"author":1,"featured_media":0,"parent":0,"menu_order":0,"comment_status":"closed","ping_status":"closed","template":"","meta":[],"_links":{"self":[{"href":"https:\/\/laterrassedumusee.com\/index.php\/wp-json\/wp\/v2\/pages\/6"}],"collection":[{"href":"https:\/\/laterrassedumusee.com\/index.php\/wp-json\/wp\/v2\/pages"}],"about":[{"href":"https:\/\/laterrassedumusee.com\/index.php\/wp-json\/wp\/v2\/types\/page"}],"author":[{"embeddable":true,"href":"https:\/\/laterrassedumusee.com\/index.php\/wp-json\/wp\/v2\/users\/1"}],"replies":[{"embeddable":true,"href":"https:\/\/laterrassedumusee.com\/index.php\/wp-json\/wp\/v2\/comments?post=6"}],"version-history":[{"count":23,"href":"https:\/\/laterrassedumusee.com\/index.php\/wp-json\/wp\/v2\/pages\/6\/revisions"}],"predecessor-version":[{"id":225,"href":"https:\/\/laterrassedumusee.com\/index.php\/wp-json\/wp\/v2\/pages\/6\/revisions\/225"}],"wp:attachment":[{"href":"https:\/\/laterrassedumusee.com\/index.php\/wp-json\/wp\/v2\/media?parent=6"}],"curies":[{"name":"wp","href":"https:\/\/api.w.org\/{rel}","templated":true}]}}